{"id":5,"date":"2016-02-01T01:39:38","date_gmt":"2016-02-01T00:39:38","guid":{"rendered":"http:\/\/serwer1571173.home.pl\/nowabud\/?page_id=5"},"modified":"2025-10-14T10:37:41","modified_gmt":"2025-10-14T08:37:41","slug":"home","status":"publish","type":"page","link":"https:\/\/nowabud.pl\/","title":{"rendered":"HOME"},"content":{"rendered":"<div class=\"fusion-fullwidth fullwidth-box\" style=\"background-attachment:scroll;background-position:left top;background-repeat:no-repeat;-webkit-background-size:cover;-moz-background-size:cover;-o-background-size:cover;background-size:cover;border-color:#eae9e9;border-bottom-width: 0px;border-top-width: 0px;border-bottom-style: solid;border-top-style: solid;padding-bottom:20px;padding-left:0px;padding-right:0px;padding-top:20px;\"><div class=\"avada-row\"><div class=\"imageframe-align-center\"><span class=\"fusion-imageframe imageframe imageframe-none imageframe-1\"> <img decoding=\"async\" src=\"http:\/\/serwer1571173.home.pl\/nowabud\/wp-content\/uploads\/2016\/06\/stripe.png\" alt=\"\" class=\"img-responsive\" \/><\/span><\/div>\n<p class=\"tytul\">Nasza oferta<\/p>\n\n<p class=\"podtytul\">Nie przep\u0142acaj &#8211; sprawd\u017a nasze ceny<\/p>\n<div class=\"fusion-sep-clear\"><\/div><div class=\"fusion-separator fusion-full-width-sep sep-none\" style=\"border-color:#e0dede;margin-top:px;margin-bottom:40px;\"><\/div><\/div><\/div><div class=\"fusion-fullwidth fullwidth-box\" style=\"background-attachment:scroll;background-position:left top;background-repeat:no-repeat;-webkit-background-size:cover;-moz-background-size:cover;-o-background-size:cover;background-size:cover;border-color:#eae9e9;border-bottom-width: 0px;border-top-width: 0px;border-bottom-style: solid;border-top-style: solid;padding-bottom:20px;padding-left:0px;padding-right:0px;padding-top:20px;\"><div class=\"avada-row\"><div class=\"fusion-one-third one_third fusion-layout-column fusion-column last spacing-no\" style=\"width:33.3333%\"><div class=\"fusion-column-wrapper\" style=\"padding:10px;\">\n<div class=\"mainbox1\" style=\"border-bottom-width: 0px;\">\n<p class=\"podtytul\">Materia\u0142y budowlane i instalacyjne<\/p>\n<\/div>\n<style type='text\/css'>.reading-box-container-1 .element-bottomshadow:before,.reading-box-container-1 .element-bottomshadow:after{opacity:0.7;}<\/style><div class=\"fusion-reading-box-container reading-box-container-1\"><div class=\"reading-box reading-box-center\" style=\"background-color:#ffffff;border-width:1px;border-color:#dadadd;border-style:solid;\">\n<div class=\"textboxmaincont\">\n<p class=\"textboxmain\">Oferujemy Pa\u0144stwu szeroki wyb\u00f3r materia\u0142\u00f3w budowlanych i instalacyjnych w najlepszych cenach.<\/p>\n<\/div>\n<p><a href=\"\/index.php\/nasze-produkty\/\"><img decoding=\"async\" loading=\"lazy\" class=\"aligncenter size-medium wp-image-74\" src=\"http:\/\/serwer1571173.home.pl\/nowabud\/wp-content\/uploads\/2016\/02\/img_mat_bud-300x229.png\" alt=\"img_mat_bud\" width=\"300\" height=\"229\" srcset=\"https:\/\/nowabud.pl\/wp-content\/uploads\/2016\/02\/img_mat_bud-300x229.png 300w, https:\/\/nowabud.pl\/wp-content\/uploads\/2016\/02\/img_mat_bud-180x138.png 180w, https:\/\/nowabud.pl\/wp-content\/uploads\/2016\/02\/img_mat_bud.png 800w\" sizes=\"(max-width: 300px) 100vw, 300px\" \/><\/a><\/p>\n<p class=\"custombutcont\"><a class=\"custombut\" href=\"\/index.php\/nasze-produkty\/\">WI\u0118CEJ<\/a><\/p>\n<\/div><\/div><\/div><\/div><div class=\"fusion-one-third one_third fusion-layout-column fusion-column last spacing-no\" style=\"width:33.3333%\"><div class=\"fusion-column-wrapper\" style=\"padding:10px;\">\n<div class=\"mainbox1\" style=\"border-bottom-width: 0px;\">\n<p class=\"podtytul\">Kostka brukowa, ogrodzenia<\/p>\n<\/div>\n<style type='text\/css'>.reading-box-container-2 .element-bottomshadow:before,.reading-box-container-2 .element-bottomshadow:after{opacity:0.7;}<\/style><div class=\"fusion-reading-box-container reading-box-container-2\"><div class=\"reading-box reading-box-center\" style=\"background-color:#ffffff;border-width:1px;border-color:#dadadd;border-style:solid;\">\n<div id=\"textboxsalon\" class=\"textboxmaincont\">\n<p class=\"textboxmain\">Zach\u0119camy do odwiedzenia naszych ekspozycji, na kt\u00f3rych prezentujemy kostki brukowe, ogrodzenia i wiele innych.<\/p>\n<p>Ogr\u00f3d Wystawowy Olimpin<br \/>\nul. \u0141abiszy\u0144ska 16<br \/>\n<a style=\"color: #1c37c1;\" href=\"tel:523641212\">tel: 52-364-12-12<\/a><\/p>\n<\/div>\n<p><a href=\"\/index.php\/informacje\/\"><img decoding=\"async\" loading=\"lazy\" class=\"aligncenter size-medium wp-image-73\" src=\"http:\/\/serwer1571173.home.pl\/nowabud\/wp-content\/uploads\/2016\/02\/img_bruk-300x229.png\" alt=\"img_bruk\" width=\"300\" height=\"229\" srcset=\"https:\/\/nowabud.pl\/wp-content\/uploads\/2016\/02\/img_bruk-300x229.png 300w, https:\/\/nowabud.pl\/wp-content\/uploads\/2016\/02\/img_bruk-180x138.png 180w, https:\/\/nowabud.pl\/wp-content\/uploads\/2016\/02\/img_bruk.png 800w\" sizes=\"(max-width: 300px) 100vw, 300px\" \/><\/a><\/p>\n<p class=\"custombutcont\"><a class=\"custombut\" href=\"\/index.php\/informacje\/\">WI\u0118CEJ<\/a><\/p>\n<\/div><\/div><\/div><\/div><div class=\"fusion-one-third one_third fusion-layout-column fusion-column last spacing-no\" style=\"width:33.3333%\"><div class=\"fusion-column-wrapper\" style=\"padding:10px;\">\n<div class=\"mainbox1\" style=\"border-bottom-width: 0px;\">\n<p class=\"podtytul\">Nasze us\u0142ugi<\/p>\n<\/div>\n<style type='text\/css'>.reading-box-container-3 .element-bottomshadow:before,.reading-box-container-3 .element-bottomshadow:after{opacity:0.7;}<\/style><div class=\"fusion-reading-box-container reading-box-container-3\"><div class=\"reading-box\" style=\"background-color:#ffffff;border-width:1px;border-color:#dadadd;border-style:solid;\">\n<div id=\"textboxuslugi\" class=\"textboxmaincont\">\n<ul class=\"customlista\">\n<li>Ci\u0119cie i gi\u0119cie blach do 2mb<\/li>\n<li>Mieszalnia tynk\u00f3w i farb<\/li>\n<li>Profesjonalne doradztwo techniczne<\/li>\n<li>Us\u0142ugi logistyczne<\/li>\n<li>Opieka nad klientem<\/li>\n<li>Transport samowy\u0142adowczy<br \/>\nod 3,5 t &#8211; 24 t<\/li>\n<li>Us\u0142ugi ci\u0119cia stali<\/li>\n<li>Szeroki asortyment z ekspozycjami<\/li>\n<\/ul>\n<\/div>\n<p><a href=\"\/index.php\/informacje\/\"><img decoding=\"async\" loading=\"lazy\" class=\"aligncenter size-medium wp-image-75\" src=\"http:\/\/serwer1571173.home.pl\/nowabud\/wp-content\/uploads\/2016\/06\/mieszalnia.jpg\" alt=\"img_uslugi\" width=\"300\" height=\"229\" \/><\/a><\/p>\n<p class=\"custombutcont\"><a class=\"custombut\" href=\"\/index.php\/informacje\/\">WI\u0118CEJ<\/a><\/p>\n<\/div><\/div><\/div><\/div><div class=\"fusion-clearfix\"><\/div><\/div><\/div><div class=\"fusion-fullwidth fullwidth-box onascont\" style=\"background-color:#eff0f4;background-attachment:scroll;background-image: url(http:\/\/serwer1571173.home.pl\/nowabud\/wp-content\/uploads\/2016\/06\/digger.png);background-position:left bottom;background-repeat:no-repeat;-webkit-background-size:cover;-moz-background-size:cover;-o-background-size:cover;background-size:cover;border-color:#eae9e9;border-bottom-width: 0px;border-top-width: 0px;border-bottom-style: solid;border-top-style: solid;padding-bottom:20px;padding-left:0px;padding-right:0px;padding-top:20px;\"><div class=\"avada-row\"><div class=\"fusion-sep-clear\"><\/div><div class=\"fusion-separator fusion-full-width-sep sep-none\" style=\"border-color:#e0dede;margin-top:px;margin-bottom:40px;\"><\/div><div class=\"imageframe-align-center\"><span class=\"fusion-imageframe imageframe imageframe-none imageframe-2\"> <img decoding=\"async\" src=\"http:\/\/serwer1571173.home.pl\/nowabud\/wp-content\/uploads\/2016\/06\/stripe.png\" alt=\"\" class=\"img-responsive\" \/><\/span><\/div><div class=\"fusion-sep-clear\"><\/div><div class=\"fusion-separator fusion-full-width-sep sep-none\" style=\"border-color:#e0dede;margin-top:px;margin-bottom:40px;\"><\/div>\n<p style=\"font-size: 60px; font-weight: 100; text-align: center;\">O nas<\/p>\n<div class=\"fusion-sep-clear\"><\/div><div class=\"fusion-separator fusion-full-width-sep sep-none\" style=\"border-color:#e0dede;margin-top:px;margin-bottom:100px;\"><\/div><div class=\"fusion-one-half one_half fusion-layout-column fusion-column spacing-yes\"><div class=\"fusion-column-wrapper\"><\/div><\/div><div class=\"fusion-one-half one_half fusion-layout-column fusion-column last spacing-yes\"><div class=\"fusion-column-wrapper\">\n<p style=\"text-align: justify;\">Sk\u0142ad budowlany NOWABUD istnieje na rynku od ponad 12 lat. Stawiamy na poprawn\u0105 relacj\u0119 z klientem, opart\u0105 na uczciwym doradztwie, poniewa\u017c wiemy, \u017ce w lokalnym handlu opinia rozchodzi si\u0119 naturalnie i jest prawdziwym odbiciem atmosfery naszego sklepu. Chcemy, aby na my\u015bl&#8230; \u201emateria\u0142y budowlane \u201d, w Twojej wyobra\u017ani pojawia\u0142 si\u0119 Nasz sk\u0142ad budowlany. Chcemy, aby u Nas kupowa\u0142o si\u0119 po prostu fajnie, tanio, swobodnie i dobrze. Od pocz\u0105tku do ko\u0144ca.<\/p>\n<p style=\"text-align: justify;\">Przyjd\u017a do Nas i przekonaj si\u0119 w jaki spos\u00f3b Nasza hurtownia budowlana wyprzedza pod wieloma wzgl\u0119dami wielkie markety budowlane. Zobacz jakie korzy\u015bci p\u0142yn\u0105 z bezpo\u015bredniej relacji pomi\u0119dzy Tob\u0105 a w\u0142a\u015bcicielem sklepu w kt\u00f3rym kupujesz.<\/p>\n<p><iframe loading=\"lazy\" title=\"YouTube video player\" src=\"https:\/\/www.youtube.com\/embed\/NvVI4yC35TA\" width=\"100%\" height=\"315\" frameborder=\"0\" allowfullscreen=\"allowfullscreen\"><\/iframe><\/p>\n<p class=\"custombutcontleft\"><a class=\"custombut\" href=\"\/nowabud\/?p=182\">WI\u0118CEJ<\/a><\/p>\n<\/div><\/div><div class=\"fusion-clearfix\"><\/div><div class=\"fusion-sep-clear\"><\/div><div class=\"fusion-separator fusion-full-width-sep sep-none\" style=\"border-color:#e0dede;margin-top:px;margin-bottom:40px;\"><\/div><\/div><\/div><div class=\"fusion-fullwidth fullwidth-box\" style=\"background-color:#1c37c1;background-attachment:scroll;background-position:left top;background-repeat:no-repeat;-webkit-background-size:cover;-moz-background-size:cover;-o-background-size:cover;background-size:cover;border-color:#eae9e9;border-bottom-width: 0px;border-top-width: 0px;border-bottom-style: solid;border-top-style: solid;padding-bottom:0px;padding-left:0px;padding-right:0px;padding-top:0px;\"><div class=\"avada-row\"><div class=\"fusion-one-half one_half fusion-layout-column fusion-column spacing-yes\"><div class=\"fusion-column-wrapper\">\n<p id=\"footer_text_higher\" class=\"footer_big\">Nowabud Hurtownia materia\u0142\u00f3w budowlanych i instalacyjnych<\/p>\n<p class=\"footer_text\">Ul. Polna 2 86-060 Nowa Wie\u015b Wielka<br \/>\nTel: <a style=\"color: #fff;\" href=\"tel:523812037\">52-381-20-37<\/a> \/ Fax: <a style=\"color: #fff;\" href=\"tel:523206541\">52-320-65-41<\/a><br \/>\nTel kom: <a style=\"color: #fff;\" href=\"tel:508197100\">508-197-100<\/a> \/ <a style=\"color: #fff;\" href=\"tel:509573225\">509-573-225<\/a><br \/>\nMail: <a class=\"link_stopka\" href=\"mailto:nowabud@nowabud.pl\">nowabud@nowabud.pl<\/a><br \/>\nGodziny otwarcia: od 7.30-16.30<br \/>\n(w soboty od 8.00-14.00)<\/p>\n<\/div><\/div><div class=\"fusion-one-half one_half fusion-layout-column fusion-column last spacing-yes\"><div class=\"fusion-column-wrapper\">\n<p id=\"footer_text_higher2\" class=\"footer_big\">Sk\u0142ad Budowlany Olimpin Hurtownia Materia\u0142\u00f3w Budowlanych &#8211; ogr\u00f3d wystawowy kostki brukowej i ogrodze\u0144<\/p>\n<p class=\"footer_text\">Ul. \u0141abiszy\u0144ska 16 Olimpin 86-061 Brzoza<br \/>\nTel: <a style=\"color: #fff;\" href=\"tel:523641212\">52-364-12-12<\/a> \/ Fax: <a style=\"color: #fff;\" href=\"tel:523641213\">52-364-12-13<\/a><br \/>\nTel kom: <a style=\"color: #fff;\" href=\"tel:509353861\">509-353-861<\/a> \/ <a style=\"color: #fff;\" href=\"tel:515262933\">515-262-933<\/a><br \/>\nMail: <a class=\"link_stopka\" href=\"mailto:olimpin@nowabud.pl\">olimpin@nowabud.pl<\/a><br \/>\nGodziny otwarcia: od 7.30-16.30<br \/>\n(w soboty od 8.00-14.00)<\/p>\n<\/div><\/div><div class=\"fusion-clearfix\"><\/div><\/div><\/div><div class=\"fusion-fullwidth fullwidth-box footer_diag\" style=\"background-color:#1c37c1;background-attachment:scroll;background-image: url(http:\/\/serwer1571173.home.pl\/nowabud\/wp-content\/uploads\/2016\/02\/footer_bg.png);background-position:left top;background-repeat:repeat-x;border-color:#eae9e9;border-bottom-width: 0px;border-top-width: 0px;border-bottom-style: solid;border-top-style: solid;padding-bottom:0px;padding-left:0px;padding-right:0px;padding-top:0px;\"><div class=\"avada-row\"><\/div><\/div>\n","protected":false},"excerpt":{"rendered":"","protected":false},"author":3,"featured_media":0,"parent":0,"menu_order":0,"comment_status":"closed","ping_status":"closed","template":"100-width.php","meta":[],"_links":{"self":[{"href":"https:\/\/nowabud.pl\/index.php\/wp-json\/wp\/v2\/pages\/5"}],"collection":[{"href":"https:\/\/nowabud.pl\/index.php\/wp-json\/wp\/v2\/pages"}],"about":[{"href":"https:\/\/nowabud.pl\/index.php\/wp-json\/wp\/v2\/types\/page"}],"author":[{"embeddable":true,"href":"https:\/\/nowabud.pl\/index.php\/wp-json\/wp\/v2\/users\/3"}],"replies":[{"embeddable":true,"href":"https:\/\/nowabud.pl\/index.php\/wp-json\/wp\/v2\/comments?post=5"}],"version-history":[{"count":178,"href":"https:\/\/nowabud.pl\/index.php\/wp-json\/wp\/v2\/pages\/5\/revisions"}],"predecessor-version":[{"id":452,"href":"https:\/\/nowabud.pl\/index.php\/wp-json\/wp\/v2\/pages\/5\/revisions\/452"}],"wp:attachment":[{"href":"https:\/\/nowabud.pl\/index.php\/wp-json\/wp\/v2\/media?parent=5"}],"curies":[{"name":"wp","href":"https:\/\/api.w.org\/{rel}","templated":true}]}}