{"id":306,"date":"2016-06-20T05:57:57","date_gmt":"2016-06-20T03:57:57","guid":{"rendered":"http:\/\/serwer1571173.home.pl\/nowabud\/?page_id=306"},"modified":"2025-10-14T10:50:36","modified_gmt":"2025-10-14T08:50:36","slug":"zloz-zamowienie","status":"publish","type":"page","link":"https:\/\/nowabud.pl\/index.php\/zloz-zamowienie\/","title":{"rendered":"Z\u0142\u00f3\u017c zam\u00f3wienie"},"content":{"rendered":"<div class=\"fusion-fullwidth fullwidth-box\" style=\"background-attachment:scroll;background-position:left top;background-repeat:no-repeat;-webkit-background-size:cover;-moz-background-size:cover;-o-background-size:cover;background-size:cover;border-color:#eae9e9;border-bottom-width: 0px;border-top-width: 0px;border-bottom-style: solid;border-top-style: solid;padding-bottom:20px;padding-left:0px;padding-right:0px;padding-top:0px;\"><div class=\"avada-row\"><style type='text\/css'>.reading-box-container-1 .element-bottomshadow:before,.reading-box-container-1 .element-bottomshadow:after{opacity:0.7;}<\/style><div class=\"fusion-reading-box-container reading-box-container-1\"><div class=\"reading-box reading-box-center\" style=\"background-color:#ffffff;border-width:1px;border-color:#dadadd;border-style:solid;\"><div role=\"form\" class=\"wpcf7\" id=\"wpcf7-f305-o1\" lang=\"pl-PL\" dir=\"ltr\">\n<div class=\"screen-reader-response\"><\/div>\n<form action=\"\/index.php\/wp-json\/wp\/v2\/pages\/306#wpcf7-f305-o1\" method=\"post\" class=\"wpcf7-form\" novalidate=\"novalidate\">\n<div style=\"display: none;\">\n<input type=\"hidden\" name=\"_wpcf7\" value=\"305\" \/>\n<input type=\"hidden\" name=\"_wpcf7_version\" value=\"4.4.2\" \/>\n<input type=\"hidden\" name=\"_wpcf7_locale\" value=\"pl_PL\" \/>\n<input type=\"hidden\" name=\"_wpcf7_unit_tag\" value=\"wpcf7-f305-o1\" \/>\n<input type=\"hidden\" name=\"_wpnonce\" value=\"eb74f45d38\" \/>\n<\/div>\n<p style=\"padding-top:30px\"><strong>Osoba reprezentuj\u0105ca:<\/strong><\/p>\n<p style=\"text-align:left\">Imi\u0119*<br \/>\n    <span class=\"wpcf7-form-control-wrap your-name\"><input type=\"text\" name=\"your-name\" value=\"\" size=\"40\" class=\"wpcf7-form-control wpcf7-text wpcf7-validates-as-required\" aria-required=\"true\" aria-invalid=\"false\" \/><\/span> <\/p>\n<p style=\"text-align:left\">Nazwisko*<br \/>\n    <span class=\"wpcf7-form-control-wrap your-surname\"><input type=\"text\" name=\"your-surname\" value=\"\" size=\"40\" class=\"wpcf7-form-control wpcf7-text wpcf7-validates-as-required\" aria-required=\"true\" aria-invalid=\"false\" \/><\/span> <\/p>\n<p style=\"text-align:left\">Telefon<br \/>\n    <span class=\"wpcf7-form-control-wrap your-phone\"><input type=\"tel\" name=\"your-phone\" value=\"\" size=\"40\" class=\"wpcf7-form-control wpcf7-text wpcf7-tel wpcf7-validates-as-tel\" aria-invalid=\"false\" \/><\/span> <\/p>\n<p style=\"text-align:left\">Telefon kom\u00f3rkowy*<br \/>\n    <span class=\"wpcf7-form-control-wrap your-mobile\"><input type=\"tel\" name=\"your-mobile\" value=\"\" size=\"40\" class=\"wpcf7-form-control wpcf7-text wpcf7-tel wpcf7-validates-as-required wpcf7-validates-as-tel\" aria-required=\"true\" aria-invalid=\"false\" \/><\/span> <\/p>\n<p style=\"text-align:left\">Adres email*<br \/>\n    <span class=\"wpcf7-form-control-wrap your-email\"><input type=\"email\" name=\"your-email\" value=\"\" size=\"40\" class=\"wpcf7-form-control wpcf7-text wpcf7-email wpcf7-validates-as-required wpcf7-validates-as-email\" aria-required=\"true\" aria-invalid=\"false\" \/><\/span> <\/p>\n<p style=\"padding-top:30px\"><strong>Dane Firmy\/Osoby kupuj\u0105cej:<\/strong><\/p>\n<p style=\"text-align:left\">Nazwa firmy lub Imi\u0119 i Nazwisko*<br \/>\n    <span class=\"wpcf7-form-control-wrap your-company\"><input type=\"text\" name=\"your-company\" value=\"\" size=\"40\" class=\"wpcf7-form-control wpcf7-text wpcf7-validates-as-required\" aria-required=\"true\" aria-invalid=\"false\" \/><\/span> <\/p>\n<p style=\"text-align:left\">Faktura VAT*<br \/>\n<span class=\"wpcf7-form-control-wrap your-faktura\"><span class=\"wpcf7-form-control wpcf7-radio\"><span class=\"wpcf7-list-item first\"><input type=\"radio\" name=\"your-faktura\" value=\"tak\" checked=\"checked\" \/>&nbsp;<span class=\"wpcf7-list-item-label\">tak<\/span><\/span><span class=\"wpcf7-list-item last\"><input type=\"radio\" name=\"your-faktura\" value=\"nie\" \/>&nbsp;<span class=\"wpcf7-list-item-label\">nie<\/span><\/span><\/span><\/span><\/p>\n<p style=\"text-align:left\">Ulica*<br \/>\n    <span class=\"wpcf7-form-control-wrap your-street\"><input type=\"text\" name=\"your-street\" value=\"\" size=\"40\" class=\"wpcf7-form-control wpcf7-text wpcf7-validates-as-required\" aria-required=\"true\" aria-invalid=\"false\" \/><\/span> <\/p>\n<p style=\"text-align:left\">Nr*<br \/>\n    <span class=\"wpcf7-form-control-wrap your-nr\"><input type=\"text\" name=\"your-nr\" value=\"\" size=\"40\" class=\"wpcf7-form-control wpcf7-text wpcf7-validates-as-required\" aria-required=\"true\" aria-invalid=\"false\" \/><\/span> <\/p>\n<p style=\"text-align:left\">Miejscowo\u015b\u0107<br \/>\n    <span class=\"wpcf7-form-control-wrap your-town\"><input type=\"text\" name=\"your-town\" value=\"\" size=\"40\" class=\"wpcf7-form-control wpcf7-text wpcf7-validates-as-required\" aria-required=\"true\" aria-invalid=\"false\" \/><\/span> <\/p>\n<p style=\"text-align:left\">Kod pocztowy*<br \/>\n    <span class=\"wpcf7-form-control-wrap your-pc\"><input type=\"text\" name=\"your-pc\" value=\"\" size=\"40\" class=\"wpcf7-form-control wpcf7-text wpcf7-validates-as-required\" aria-required=\"true\" aria-invalid=\"false\" \/><\/span> <\/p>\n<p style=\"text-align:left\">Poczta*<br \/>\n    <span class=\"wpcf7-form-control-wrap your-post\"><input type=\"text\" name=\"your-post\" value=\"\" size=\"40\" class=\"wpcf7-form-control wpcf7-text wpcf7-validates-as-required\" aria-required=\"true\" aria-invalid=\"false\" \/><\/span> <\/p>\n<p style=\"text-align:left\">NIP*<br \/>\n    <span class=\"wpcf7-form-control-wrap your-nip\"><input type=\"text\" name=\"your-nip\" value=\"\" size=\"40\" class=\"wpcf7-form-control wpcf7-text wpcf7-validates-as-required\" aria-required=\"true\" aria-invalid=\"false\" \/><\/span> <\/p>\n<p style=\"padding-top:30px\"><strong>Adres wysy\u0142ki (je\u015bli r\u00f3\u017cny od danych firmowych):<\/strong><\/p>\n<p style=\"text-align:left\">Nazwa odbiorcy<br \/>\n    <span class=\"wpcf7-form-control-wrap your-company2\"><input type=\"text\" name=\"your-company2\" value=\"\" size=\"40\" class=\"wpcf7-form-control wpcf7-text\" aria-invalid=\"false\" \/><\/span> <\/p>\n<p style=\"text-align:left\">Ulica<br \/>\n    <span class=\"wpcf7-form-control-wrap your-street2\"><input type=\"text\" name=\"your-street2\" value=\"\" size=\"40\" class=\"wpcf7-form-control wpcf7-text\" aria-invalid=\"false\" \/><\/span> <\/p>\n<p style=\"text-align:left\">Nr<br \/>\n    <span class=\"wpcf7-form-control-wrap your-nr2\"><input type=\"text\" name=\"your-nr2\" value=\"\" size=\"40\" class=\"wpcf7-form-control wpcf7-text\" aria-invalid=\"false\" \/><\/span> <\/p>\n<p style=\"text-align:left\">Miejscowo\u015b\u0107<br \/>\n    <span class=\"wpcf7-form-control-wrap your-town2\"><input type=\"text\" name=\"your-town2\" value=\"\" size=\"40\" class=\"wpcf7-form-control wpcf7-text\" aria-invalid=\"false\" \/><\/span> <\/p>\n<p style=\"text-align:left\">Kod pocztowy<br \/>\n    <span class=\"wpcf7-form-control-wrap your-pc2\"><input type=\"text\" name=\"your-pc2\" value=\"\" size=\"40\" class=\"wpcf7-form-control wpcf7-text\" aria-invalid=\"false\" \/><\/span> <\/p>\n<p style=\"text-align:left\">Poczta<br \/>\n    <span class=\"wpcf7-form-control-wrap your-post2\"><input type=\"text\" name=\"your-post2\" value=\"\" size=\"40\" class=\"wpcf7-form-control wpcf7-text\" aria-invalid=\"false\" \/><\/span> <\/p>\n<p style=\"padding-top:30px\"><strong>Zam\u00f3wienie:<\/strong><\/p>\n<p style=\"text-align:left\">\n<span class=\"wpcf7-form-control-wrap your-zamowienie\"><textarea name=\"your-zamowienie\" cols=\"40\" rows=\"10\" class=\"wpcf7-form-control wpcf7-textarea wpcf7-validates-as-required\" aria-required=\"true\" aria-invalid=\"false\"><\/textarea><\/span>\n<\/p>\n<p style=\"padding-top:30px\"><strong>Data i godzina dostawy:<\/strong><\/p>\n<p style=\"text-align:left\">Data*<br \/>\n<span class=\"wpcf7-form-control-wrap data\"><input type=\"date\" name=\"data\" value=\"2016\" class=\"wpcf7-form-control wpcf7-date wpcf7-validates-as-required wpcf7-validates-as-date\" aria-required=\"true\" aria-invalid=\"false\" \/><\/span><\/p>\n<p style=\"text-align:left\">Od*<br \/>\n<span class=\"wpcf7-form-control-wrap od-godzina\"><select name=\"od-godzina\" class=\"wpcf7-form-control wpcf7-select wpcf7-validates-as-required\" aria-required=\"true\" aria-invalid=\"false\"><option value=\"00\">00<\/option><option value=\"01\">01<\/option><option value=\"02\">02<\/option><option value=\"03\">03<\/option><option value=\"04\">04<\/option><option value=\"05\">05<\/option><option value=\"06\">06<\/option><option value=\"07\">07<\/option><option value=\"08\">08<\/option><option value=\"09\">09<\/option><option value=\"10\">10<\/option><option value=\"11\">11<\/option><option value=\"12\">12<\/option><option value=\"13\">13<\/option><option value=\"14\">14<\/option><option value=\"15\">15<\/option><option value=\"16\">16<\/option><option value=\"17\">17<\/option><option value=\"18\">18<\/option><option value=\"19\">19<\/option><option value=\"20\">20<\/option><option value=\"21\">21<\/option><option value=\"22\">22<\/option><option value=\"23\">23<\/option><\/select><\/span><\/p>\n<p><span class=\"wpcf7-form-control-wrap od-minuta\"><select name=\"od-minuta\" class=\"wpcf7-form-control wpcf7-select wpcf7-validates-as-required\" aria-required=\"true\" aria-invalid=\"false\"><option value=\"00\">00<\/option><option value=\"05\">05<\/option><option value=\"10\">10<\/option><option value=\"15\">15<\/option><option value=\"20\">20<\/option><option value=\"25\">25<\/option><option value=\"30\">30<\/option><option value=\"35\">35<\/option><option value=\"40\">40<\/option><option value=\"45\">45<\/option><option value=\"50\">50<\/option><option value=\"55\">55<\/option><\/select><\/span><\/p>\n<p style=\"text-align:left\">Do*<br \/>\n<span class=\"wpcf7-form-control-wrap do-godzina\"><select name=\"do-godzina\" class=\"wpcf7-form-control wpcf7-select wpcf7-validates-as-required\" aria-required=\"true\" aria-invalid=\"false\"><option value=\"00\">00<\/option><option value=\"01\">01<\/option><option value=\"02\">02<\/option><option value=\"03\">03<\/option><option value=\"04\">04<\/option><option value=\"05\">05<\/option><option value=\"06\">06<\/option><option value=\"07\">07<\/option><option value=\"08\">08<\/option><option value=\"09\">09<\/option><option value=\"10\">10<\/option><option value=\"11\">11<\/option><option value=\"12\">12<\/option><option value=\"13\">13<\/option><option value=\"14\">14<\/option><option value=\"15\">15<\/option><option value=\"16\">16<\/option><option value=\"17\">17<\/option><option value=\"18\">18<\/option><option value=\"19\">19<\/option><option value=\"20\">20<\/option><option value=\"21\">21<\/option><option value=\"22\">22<\/option><option value=\"23\">23<\/option><\/select><\/span><\/p>\n<p><span class=\"wpcf7-form-control-wrap do-minuta\"><select name=\"do-minuta\" class=\"wpcf7-form-control wpcf7-select wpcf7-validates-as-required\" aria-required=\"true\" aria-invalid=\"false\"><option value=\"00\">00<\/option><option value=\"05\">05<\/option><option value=\"10\">10<\/option><option value=\"15\">15<\/option><option value=\"20\">20<\/option><option value=\"25\">25<\/option><option value=\"30\">30<\/option><option value=\"35\">35<\/option><option value=\"40\">40<\/option><option value=\"45\">45<\/option><option value=\"50\">50<\/option><option value=\"55\">55<\/option><\/select><\/span><\/p>\n<p style=\"text-align:left\"><input type=\"submit\" value=\"Wy\u015blij\" class=\"wpcf7-form-control wpcf7-submit\" \/><\/p>\n<div class=\"wpcf7-response-output wpcf7-display-none\"><\/div><\/form><\/div><\/div><\/div><\/div><\/div><div class=\"fusion-fullwidth fullwidth-box\" style=\"background-attachment:scroll;background-position:left top;background-repeat:no-repeat;-webkit-background-size:cover;-moz-background-size:cover;-o-background-size:cover;background-size:cover;border-color:#eae9e9;border-bottom-width: 0px;border-top-width: 0px;border-bottom-style: solid;border-top-style: solid;padding-bottom:20px;padding-left:0px;padding-right:0px;padding-top:20px;\"><div class=\"avada-row\"><\/div><\/div><div class=\"fusion-fullwidth fullwidth-box\" style=\"background-color:#1c37c1;background-attachment:scroll;background-position:left top;background-repeat:no-repeat;-webkit-background-size:cover;-moz-background-size:cover;-o-background-size:cover;background-size:cover;border-color:#eae9e9;border-bottom-width: 0px;border-top-width: 0px;border-bottom-style: solid;border-top-style: solid;padding-bottom:0px;padding-left:0px;padding-right:0px;padding-top:0px;\"><div class=\"avada-row\"><div class=\"fusion-one-half one_half fusion-layout-column fusion-column spacing-yes\"><div class=\"fusion-column-wrapper\">\n<p id=\"footer_text_higher\" class=\"footer_big\">Nowabud Hurtownia materia\u0142\u00f3w budowlanych i instalacyjnych<\/p>\n<p class=\"footer_text\">Ul. Polna 2 86-060 Nowa Wie\u015b Wielka<br \/>\nTel: <a style=\"color: #fff;\" href=\"tel:523812037\">52-381-20-37<\/a> \/ Fax: <a style=\"color: #fff;\" href=\"tel:523206541\">52-320-65-41<\/a><br \/>\nTel kom: <a style=\"color: #fff;\" href=\"tel:508197100\">508-197-100<\/a> \/ <a style=\"color: #fff;\" href=\"tel:509573225\">509-573-225<\/a><br \/>\nMail: <a class=\"link_stopka\" href=\"mailto:nowabud@nowabud.pl\">nowabud@nowabud.pl<\/a><br \/>\nGodziny otwarcia: od 7.30-16.30<br \/>\n(w soboty od 8.00-14.00)<\/p>\n<\/div><\/div><div class=\"fusion-one-half one_half fusion-layout-column fusion-column last spacing-yes\"><div class=\"fusion-column-wrapper\">\n<p id=\"footer_text_higher2\" class=\"footer_big\">Sk\u0142ad Budowlany Olimpin Hurtownia Materia\u0142\u00f3w Budowlanych &#8211; ogr\u00f3d wystawowy kostki brukowej i ogrodze\u0144<\/p>\n<p class=\"footer_text\">Ul. \u0141abiszy\u0144ska 16 Olimpin 86-061 Brzoza<br \/>\nTel: <a style=\"color: #fff;\" href=\"tel:523641212\">52-364-12-12<\/a> \/ Fax: <a style=\"color: #fff;\" href=\"tel:523641213\">52-364-12-13<\/a><br \/>\nTel kom: <a style=\"color: #fff;\" href=\"tel:509353861\">509-353-861<\/a> \/ <a style=\"color: #fff;\" href=\"tel:515262933\">515-262-933<\/a><br \/>\nMail: <a class=\"link_stopka\" href=\"mailto:olimpin@nowabud.pl\">olimpin@nowabud.pl<\/a><br \/>\nGodziny otwarcia: od 7.30-16.30<br \/>\n(w soboty od 8.00-14.00)<\/p>\n<\/div><\/div><div class=\"fusion-clearfix\"><\/div><\/div><\/div><div class=\"fusion-fullwidth fullwidth-box footer_diag\" style=\"background-color:#1c37c1;background-attachment:scroll;background-image: url(http:\/\/serwer1571173.home.pl\/nowabud\/wp-content\/uploads\/2016\/02\/footer_bg.png);background-position:left top;background-repeat:repeat-x;border-color:#eae9e9;border-bottom-width: 0px;border-top-width: 0px;border-bottom-style: solid;border-top-style: solid;padding-bottom:0px;padding-left:0px;padding-right:0px;padding-top:0px;\"><div class=\"avada-row\"><\/div><\/div>\n","protected":false},"excerpt":{"rendered":"","protected":false},"author":3,"featured_media":0,"parent":0,"menu_order":0,"comment_status":"closed","ping_status":"closed","template":"100-width.php","meta":[],"_links":{"self":[{"href":"https:\/\/nowabud.pl\/index.php\/wp-json\/wp\/v2\/pages\/306"}],"collection":[{"href":"https:\/\/nowabud.pl\/index.php\/wp-json\/wp\/v2\/pages"}],"about":[{"href":"https:\/\/nowabud.pl\/index.php\/wp-json\/wp\/v2\/types\/page"}],"author":[{"embeddable":true,"href":"https:\/\/nowabud.pl\/index.php\/wp-json\/wp\/v2\/users\/3"}],"replies":[{"embeddable":true,"href":"https:\/\/nowabud.pl\/index.php\/wp-json\/wp\/v2\/comments?post=306"}],"version-history":[{"count":6,"href":"https:\/\/nowabud.pl\/index.php\/wp-json\/wp\/v2\/pages\/306\/revisions"}],"predecessor-version":[{"id":462,"href":"https:\/\/nowabud.pl\/index.php\/wp-json\/wp\/v2\/pages\/306\/revisions\/462"}],"wp:attachment":[{"href":"https:\/\/nowabud.pl\/index.php\/wp-json\/wp\/v2\/media?parent=306"}],"curies":[{"name":"wp","href":"https:\/\/api.w.org\/{rel}","templated":true}]}}