{"id":287,"date":"2016-06-20T05:19:07","date_gmt":"2016-06-20T03:19:07","guid":{"rendered":"http:\/\/serwer1571173.home.pl\/nowabud\/?page_id=287"},"modified":"2025-10-14T10:42:41","modified_gmt":"2025-10-14T08:42:41","slug":"kontakt","status":"publish","type":"page","link":"https:\/\/nowabud.pl\/index.php\/kontakt\/","title":{"rendered":"Kontakt"},"content":{"rendered":"<p class=\"textboxmain\"><strong>1. HURTOWNIA MATERIA\u0141\u00d3W BUDOWLANYCH I INSTALACYJNYCH<\/strong><\/p>\n<p class=\"textboxmain\">ul. Polna 2 86-060 Nowa Wie\u015b Wielka<br \/>\ntel.: 052-381-20-37, fax.: 052-320-65-41<br \/>\n<a href=\"mailto:nowabud@nowabud.pl\">nowabud@nowabud.pl<\/a><\/p>\n<p class=\"textboxmain\">Godziny otwarcia: od 7.30-16.30 (w soboty od 8.00-14.00)<\/p>\n<p class=\"textboxmain\"><strong>2. HURTOWNIA MATERIA\u0141\u00d3W BUDOWLANYCH, INSTALACYJNYCH I OGRODNICZYCH<\/strong><\/p>\n<p class=\"textboxmain\">ul. \u0141abiszy\u0144ska 16 Olimpin 86-061 Brzoza<br \/>\ntel.: 052-364-12-12, fax 052-364-12-13<br \/>\n<a href=\"mailto:olimpin@nowabud.pl\">olimpin@nowabud.pl<\/a><\/p>\n<p class=\"textboxmain\">Godziny otwarcia: od 7.30-16.30 (w soboty od 8.00-14.00)<\/p>\n<div class=\"fusion-fullwidth fullwidth-box\" style=\"background-attachment:scroll;background-position:left top;background-repeat:no-repeat;-webkit-background-size:cover;-moz-background-size:cover;-o-background-size:cover;background-size:cover;border-color:#eae9e9;border-bottom-width: 0px;border-top-width: 0px;border-bottom-style: solid;border-top-style: solid;padding-bottom:20px;padding-left:0px;padding-right:0px;padding-top:20px;\"><div class=\"avada-row\"><\/div><\/div><div class=\"fusion-fullwidth fullwidth-box\" style=\"background-color:#1c37c1;background-attachment:scroll;background-position:left top;background-repeat:no-repeat;-webkit-background-size:cover;-moz-background-size:cover;-o-background-size:cover;background-size:cover;border-color:#eae9e9;border-bottom-width: 0px;border-top-width: 0px;border-bottom-style: solid;border-top-style: solid;padding-bottom:0px;padding-left:0px;padding-right:0px;padding-top:0px;\"><div class=\"avada-row\"><div class=\"fusion-one-half one_half fusion-layout-column fusion-column spacing-yes\"><div class=\"fusion-column-wrapper\">\n<p id=\"footer_text_higher\" class=\"footer_big\">Nowabud Hurtownia materia\u0142\u00f3w budowlanych i instalacyjnych<\/p>\n<p class=\"footer_text\">Ul. Polna 2 86-060 Nowa Wie\u015b Wielka<br \/>\nTel: <a style=\"color: #fff;\" href=\"tel:523812037\">52-381-20-37<\/a> \/ Fax: <a style=\"color: #fff;\" href=\"tel:523206541\">52-320-65-41<\/a><br \/>\nTel kom: <a style=\"color: #fff;\" href=\"tel:508197100\">508-197-100<\/a> \/ <a style=\"color: #fff;\" href=\"tel:509573225\">509-573-225<\/a><br \/>\nMail: <a class=\"link_stopka\" href=\"mailto:nowabud@nowabud.pl\">nowabud@nowabud.pl<\/a><br \/>\nGodziny otwarcia: od 7.30-16.30<br \/>\n(w soboty od 8.00-14.00)<\/p>\n<\/div><\/div><div class=\"fusion-one-half one_half fusion-layout-column fusion-column last spacing-yes\"><div class=\"fusion-column-wrapper\">\n<p id=\"footer_text_higher2\" class=\"footer_big\">Sk\u0142ad Budowlany Olimpin Hurtownia Materia\u0142\u00f3w Budowlanych &#8211; ogr\u00f3d wystawowy kostki brukowej i ogrodze\u0144<\/p>\n<p class=\"footer_text\">Ul. \u0141abiszy\u0144ska 16 Olimpin 86-061 Brzoza<br \/>\nTel: <a style=\"color: #fff;\" href=\"tel:523641212\">52-364-12-12<\/a> \/ Fax: <a style=\"color: #fff;\" href=\"tel:523641213\">52-364-12-13<\/a><br \/>\nTel kom: <a style=\"color: #fff;\" href=\"tel:509353861\">509-353-861<\/a> \/ <a style=\"color: #fff;\" href=\"tel:515262933\">515-262-933<\/a><br \/>\nMail: <a class=\"link_stopka\" href=\"mailto:olimpin@nowabud.pl\">olimpin@nowabud.pl<\/a><br \/>\nGodziny otwarcia: od 7.30-16.30<br \/>\n(w soboty od 8.00-14.00)<\/p>\n<\/div><\/div><div class=\"fusion-clearfix\"><\/div><\/div><\/div><div class=\"fusion-fullwidth fullwidth-box footer_diag\" style=\"background-color:#1c37c1;background-attachment:scroll;background-image: url(http:\/\/serwer1571173.home.pl\/nowabud\/wp-content\/uploads\/2016\/02\/footer_bg.png);background-position:left top;background-repeat:repeat-x;border-color:#eae9e9;border-bottom-width: 0px;border-top-width: 0px;border-bottom-style: solid;border-top-style: solid;padding-bottom:0px;padding-left:0px;padding-right:0px;padding-top:0px;\"><div class=\"avada-row\"><\/div><\/div>\n","protected":false},"excerpt":{"rendered":"<p>1. HURTOWNIA MATERIA\u0141\u00d3W BUDOWLANYCH I INSTALACYJNYCH ul. Polna 2 86-060 Nowa Wie\u015b Wielka tel.: 052-381-20-37, fax.: 052-320-65-41 nowabud@nowabud.pl Godziny otwarcia: od 7.30-16.30 (w soboty od 8.00-14.00) 2. HURTOWNIA MATERIA\u0141\u00d3W BUDOWLANYCH, INSTALACYJNYCH I OGRODNICZYCH ul. \u0141abiszy\u0144ska 16 Olimpin 86-061 Brzoza tel.: 052-364-12-12, fax 052-364-12-13 olimpin@nowabud.pl Godziny otwarcia: od 7.30-16.30 (w soboty od 8.00-14.00)<\/p>\n","protected":false},"author":3,"featured_media":0,"parent":0,"menu_order":0,"comment_status":"closed","ping_status":"closed","template":"100-width.php","meta":[],"_links":{"self":[{"href":"https:\/\/nowabud.pl\/index.php\/wp-json\/wp\/v2\/pages\/287"}],"collection":[{"href":"https:\/\/nowabud.pl\/index.php\/wp-json\/wp\/v2\/pages"}],"about":[{"href":"https:\/\/nowabud.pl\/index.php\/wp-json\/wp\/v2\/types\/page"}],"author":[{"embeddable":true,"href":"https:\/\/nowabud.pl\/index.php\/wp-json\/wp\/v2\/users\/3"}],"replies":[{"embeddable":true,"href":"https:\/\/nowabud.pl\/index.php\/wp-json\/wp\/v2\/comments?post=287"}],"version-history":[{"count":25,"href":"https:\/\/nowabud.pl\/index.php\/wp-json\/wp\/v2\/pages\/287\/revisions"}],"predecessor-version":[{"id":456,"href":"https:\/\/nowabud.pl\/index.php\/wp-json\/wp\/v2\/pages\/287\/revisions\/456"}],"wp:attachment":[{"href":"https:\/\/nowabud.pl\/index.php\/wp-json\/wp\/v2\/media?parent=287"}],"curies":[{"name":"wp","href":"https:\/\/api.w.org\/{rel}","templated":true}]}}