{"id":270,"date":"2016-06-20T05:02:04","date_gmt":"2016-06-20T03:02:04","guid":{"rendered":"http:\/\/serwer1571173.home.pl\/nowabud\/?page_id=270"},"modified":"2025-10-14T10:48:41","modified_gmt":"2025-10-14T08:48:41","slug":"produkty-polecane","status":"publish","type":"page","link":"https:\/\/nowabud.pl\/index.php\/produkty-polecane\/","title":{"rendered":"Produkty polecane"},"content":{"rendered":"<div class=\"fusion-fullwidth fullwidth-box\" style=\"background-attachment:scroll;background-position:left top;background-repeat:no-repeat;-webkit-background-size:cover;-moz-background-size:cover;-o-background-size:cover;background-size:cover;border-color:#eae9e9;border-bottom-width: 0px;border-top-width: 0px;border-bottom-style: solid;border-top-style: solid;padding-bottom:20px;padding-left:0px;padding-right:0px;padding-top:0px;\"><div class=\"avada-row\"><style type=\"text\/css\">.imageframe-1 img{border:20px solid #dadadd;}<\/style><span class=\"fusion-imageframe imageframe imageframe-none imageframe-1 fusion-animated\" data-animationType=\"fadeInDown\" data-animationDuration=\"0.3\"> <img decoding=\"async\" src=\"http:\/\/serwer1571173.home.pl\/nowabud\/wp-content\/uploads\/2016\/06\/polecane_1.jpg\" alt=\"\" class=\"img-responsive\" \/><\/span><style type='text\/css'>.reading-box-container-1 .element-bottomshadow:before,.reading-box-container-1 .element-bottomshadow:after{opacity:0.7;}<\/style><div class=\"fusion-reading-box-container reading-box-container-1\"><div class=\"reading-box reading-box-center\" style=\"background-color:#ffffff;border-width:1px;border-color:#dadadd;border-style:solid;\">\n<p class=\"textboxmain\">NOWABUD stara si\u0119 aby ka\u017cdy z Pa\u0144stwa mia\u0142 mo\u017cliwo\u015b\u0107 zakupu materia\u0142\u00f3w budowlanych w jak najlepszych cenach.<\/p>\n<p class=\"textboxmain\">W tym miesi\u0105cu polecamy:<\/p>\n<\/div><\/div><div class=\"fusion-one-third one_third fusion-layout-column fusion-column spacing-yes\"><div class=\"fusion-column-wrapper\">\n<div class=\"transport_item\">\n<div class=\"left_product\">\n<p style=\"text-align: center;\"><strong><a href=\"http:\/\/systemykominoweperfect.pl\/systemy-kominowe\/perfect-uniwersal\/\" target=\"_blank\" rel=\"noopener\">System Kominowy PERFECT <em>Uniwersal<\/em><\/a><\/strong><\/p>\n<p style=\"text-align: center;\"><strong><a href=\"http:\/\/systemykominoweperfect.pl\/systemy-kominowe\/perfect-uniwersal\/\" target=\"_blank\" rel=\"noopener\"><img decoding=\"async\" loading=\"lazy\" class=\"aligncenter wp-image-357 size-full\" src=\"http:\/\/serwer1571173.home.pl\/nowabud\/wp-content\/uploads\/2016\/06\/komin.png\" alt=\"\" width=\"277\" height=\"182\" \/><\/a><\/strong><\/p>\n<\/div>\n<\/div>\n<\/div><\/div><div class=\"fusion-one-third one_third fusion-layout-column fusion-column spacing-yes\"><div class=\"fusion-column-wrapper\">\n<div class=\"transport_item\">\n<div class=\"left_product\">\n<p style=\"text-align: center;\"><a href=\"http:\/\/systemykominoweperfect.pl\/systemy-kominowe\/perfect-standard\/\"><strong>System Kominowy PERFECT\u00a0<em>Standard<\/em><\/strong><\/a><\/p>\n<p style=\"text-align: left;\"><strong><a href=\"http:\/\/systemykominoweperfect.pl\/systemy-kominowe\/perfect-standard\/\" target=\"_blank\" rel=\"noopener\"><img decoding=\"async\" loading=\"lazy\" class=\"aligncenter wp-image-357 size-full\" src=\"http:\/\/serwer1571173.home.pl\/nowabud\/wp-content\/uploads\/2016\/06\/komin.png\" alt=\"\" width=\"277\" height=\"182\" \/><\/a><\/strong><\/p>\n<\/div>\n<\/div>\n<\/div><\/div><div class=\"fusion-one-third one_third fusion-layout-column fusion-column last spacing-yes\"><div class=\"fusion-column-wrapper\">\n<div class=\"transport_item\">\n<div class=\"left_product\">\n<p style=\"text-align: center;\"><a href=\"http:\/\/systemykominoweperfect.pl\/systemy-kominowe\/perfect-akcesoria\/\"><strong>P\u0142yta betonowa przykrywaj\u0105ca komin<\/strong><\/a><\/p>\n<p style=\"text-align: left;\"><strong><a href=\"http:\/\/systemykominoweperfect.pl\/systemy-kominowe\/perfect-akcesoria\/\" target=\"_blank\" rel=\"noopener\"><img decoding=\"async\" loading=\"lazy\" class=\"aligncenter wp-image-390 size-full\" src=\"http:\/\/serwer1571173.home.pl\/nowabud\/wp-content\/uploads\/2016\/06\/plyta_przykrywajaca_betonowa_sw_53.jpg\" alt=\"\" width=\"277\" height=\"182\" \/><\/a><\/strong><\/p>\n<\/div>\n<\/div>\n<\/div><\/div><div class=\"fusion-clearfix\"><\/div><div class=\"fusion-one-third one_third fusion-layout-column fusion-column spacing-yes\"><div class=\"fusion-column-wrapper\">\n<div class=\"transport_item\">\n<div class=\"left_product\">\n<p style=\"text-align: center;\"><a href=\"http:\/\/systemykominoweperfect.pl\/systemy-kominowe\/perfect-akcesoria\/\"><strong>Mocowanie komina do konstrukcji drewnianej budynku<\/strong><\/a><\/p>\n<p style=\"text-align: left;\"><strong><a href=\"http:\/\/systemykominoweperfect.pl\/systemy-kominowe\/perfect-akcesoria\/\" target=\"_blank\" rel=\"noopener\"><img decoding=\"async\" loading=\"lazy\" class=\"aligncenter wp-image-389 size-full\" src=\"http:\/\/serwer1571173.home.pl\/nowabud\/wp-content\/uploads\/2016\/06\/mocowanie_komina.jpg\" alt=\"\" width=\"277\" height=\"182\" \/><\/a><\/strong><\/p>\n<\/div>\n<\/div>\n<\/div><\/div><div class=\"fusion-one-third one_third fusion-layout-column fusion-column spacing-yes\"><div class=\"fusion-column-wrapper\">\n<div class=\"transport_item\">\n<div class=\"left_product\">\n<p style=\"text-align: center;\"><strong><a href=\"http:\/\/www.mam-sklad.pl\/towar-nierotujacy.php\/Ogrodzenia-systemowe-297\/\" target=\"_blank\" rel=\"noopener\">Ogrodzenia systemowe &#8211; promocja\u00a0<\/a><\/strong><\/p>\n<p style=\"text-align: left;\"><strong><a href=\"http:\/\/www.mam-sklad.pl\/towar-nierotujacy.php\/Ogrodzenia-systemowe-297\/\" target=\"_blank\" rel=\"noopener\"><img decoding=\"async\" loading=\"lazy\" class=\"size-full wp-image-274 aligncenter\" src=\"http:\/\/serwer1571173.home.pl\/nowabud\/wp-content\/uploads\/2016\/06\/polecane_11.jpg\" alt=\"polecane_1\" width=\"277\" height=\"182\" \/><\/a><\/strong><\/p>\n<\/div>\n<\/div>\n<\/div><\/div><div class=\"fusion-one-third one_third fusion-layout-column fusion-column last spacing-yes\"><div class=\"fusion-column-wrapper\">\n<p style=\"text-align: center;\"><strong><a href=\"http:\/\/www.mam-sklad.pl\/towar-nierotujacy.php\/Kostka-brukowa-296\/\" target=\"_blank\" rel=\"noopener\">Kostka brukowa &#8211; promocja<\/a><\/strong><\/p>\n<p><a href=\"http:\/\/www.mam-sklad.pl\/towar-nierotujacy.php\/Kostka-brukowa-296\/\"><img decoding=\"async\" loading=\"lazy\" class=\"size-full wp-image-275 aligncenter\" src=\"http:\/\/serwer1571173.home.pl\/nowabud\/wp-content\/uploads\/2016\/06\/polecane_2.jpg\" alt=\"polecane_2\" width=\"259\" height=\"194\" \/><\/a><\/div><\/div><div class=\"fusion-clearfix\"><\/div><\/div><\/div><div class=\"fusion-fullwidth fullwidth-box\" style=\"background-attachment:scroll;background-position:left top;background-repeat:no-repeat;-webkit-background-size:cover;-moz-background-size:cover;-o-background-size:cover;background-size:cover;border-color:#eae9e9;border-bottom-width: 0px;border-top-width: 0px;border-bottom-style: solid;border-top-style: solid;padding-bottom:20px;padding-left:0px;padding-right:0px;padding-top:20px;\"><div class=\"avada-row\"><\/div><\/div><div class=\"fusion-fullwidth fullwidth-box\" style=\"background-color:#1c37c1;background-attachment:scroll;background-position:left top;background-repeat:no-repeat;-webkit-background-size:cover;-moz-background-size:cover;-o-background-size:cover;background-size:cover;border-color:#eae9e9;border-bottom-width: 0px;border-top-width: 0px;border-bottom-style: solid;border-top-style: solid;padding-bottom:0px;padding-left:0px;padding-right:0px;padding-top:0px;\"><div class=\"avada-row\"><div class=\"fusion-one-half one_half fusion-layout-column fusion-column spacing-yes\"><div class=\"fusion-column-wrapper\">\n<p id=\"footer_text_higher\" class=\"footer_big\">Nowabud Hurtownia materia\u0142\u00f3w budowlanych i instalacyjnych<\/p>\n<p class=\"footer_text\">Ul. Polna 2 86-060 Nowa Wie\u015b Wielka<br \/>\nTel: <a style=\"color: #fff;\" href=\"tel:523812037\">52-381-20-37<\/a> \/ Fax: <a style=\"color: #fff;\" href=\"tel:523206541\">52-320-65-41<\/a><br \/>\nTel kom: <a style=\"color: #fff;\" href=\"tel:508197100\">508-197-100<\/a> \/ <a style=\"color: #fff;\" href=\"tel:509573225\">509-573-225<\/a><br \/>\nMail: <a class=\"link_stopka\" href=\"mailto:nowabud@nowabud.pl\">nowabud@nowabud.pl<\/a><br \/>\nGodziny otwarcia: od 7.30-16.30<br \/>\n(w soboty od 8.00-14.00)<\/p>\n<\/div><\/div><div class=\"fusion-one-half one_half fusion-layout-column fusion-column last spacing-yes\"><div class=\"fusion-column-wrapper\">\n<p id=\"footer_text_higher2\" class=\"footer_big\">Sk\u0142ad Budowlany Olimpin Hurtownia Materia\u0142\u00f3w Budowlanych &#8211; ogr\u00f3d wystawowy kostki brukowej i ogrodze\u0144<\/p>\n<p class=\"footer_text\">Ul. \u0141abiszy\u0144ska 16 Olimpin 86-061 Brzoza<br \/>\nTel: <a style=\"color: #fff;\" href=\"tel:523641212\">52-364-12-12<\/a> \/ Fax: <a style=\"color: #fff;\" href=\"tel:523641213\">52-364-12-13<\/a><br \/>\nTel kom: <a style=\"color: #fff;\" href=\"tel:509353861\">509-353-861<\/a> \/ <a style=\"color: #fff;\" href=\"tel:515262933\">515-262-933<\/a><br \/>\nMail: <a class=\"link_stopka\" href=\"mailto:olimpin@nowabud.pl\">olimpin@nowabud.pl<\/a><br \/>\nGodziny otwarcia: od 7.30-16.30<br \/>\n(w soboty od 8.00-14.00)<\/p>\n<\/div><\/div><div class=\"fusion-clearfix\"><\/div><\/div><\/div><div class=\"fusion-fullwidth fullwidth-box footer_diag\" style=\"background-color:#1c37c1;background-attachment:scroll;background-image: url(http:\/\/serwer1571173.home.pl\/nowabud\/wp-content\/uploads\/2016\/02\/footer_bg.png);background-position:left top;background-repeat:repeat-x;border-color:#eae9e9;border-bottom-width: 0px;border-top-width: 0px;border-bottom-style: solid;border-top-style: solid;padding-bottom:0px;padding-left:0px;padding-right:0px;padding-top:0px;\"><div class=\"avada-row\"><\/div><\/div>\n","protected":false},"excerpt":{"rendered":"","protected":false},"author":3,"featured_media":0,"parent":0,"menu_order":0,"comment_status":"closed","ping_status":"closed","template":"100-width.php","meta":[],"_links":{"self":[{"href":"https:\/\/nowabud.pl\/index.php\/wp-json\/wp\/v2\/pages\/270"}],"collection":[{"href":"https:\/\/nowabud.pl\/index.php\/wp-json\/wp\/v2\/pages"}],"about":[{"href":"https:\/\/nowabud.pl\/index.php\/wp-json\/wp\/v2\/types\/page"}],"author":[{"embeddable":true,"href":"https:\/\/nowabud.pl\/index.php\/wp-json\/wp\/v2\/users\/3"}],"replies":[{"embeddable":true,"href":"https:\/\/nowabud.pl\/index.php\/wp-json\/wp\/v2\/comments?post=270"}],"version-history":[{"count":9,"href":"https:\/\/nowabud.pl\/index.php\/wp-json\/wp\/v2\/pages\/270\/revisions"}],"predecessor-version":[{"id":459,"href":"https:\/\/nowabud.pl\/index.php\/wp-json\/wp\/v2\/pages\/270\/revisions\/459"}],"wp:attachment":[{"href":"https:\/\/nowabud.pl\/index.php\/wp-json\/wp\/v2\/media?parent=270"}],"curies":[{"name":"wp","href":"https:\/\/api.w.org\/{rel}","templated":true}]}}