{"id":253,"date":"2016-06-20T04:29:45","date_gmt":"2016-06-20T02:29:45","guid":{"rendered":"http:\/\/serwer1571173.home.pl\/nowabud\/?page_id=253"},"modified":"2025-10-14T10:42:01","modified_gmt":"2025-10-14T08:42:01","slug":"kalkulatory-materialow","status":"publish","type":"page","link":"https:\/\/nowabud.pl\/index.php\/kalkulatory-materialow\/","title":{"rendered":"Kalkulatory materia\u0142\u00f3w"},"content":{"rendered":"<div class=\"fusion-fullwidth fullwidth-box\" style=\"background-attachment:scroll;background-position:left top;background-repeat:no-repeat;-webkit-background-size:cover;-moz-background-size:cover;-o-background-size:cover;background-size:cover;border-color:#eae9e9;border-bottom-width: 0px;border-top-width: 0px;border-bottom-style: solid;border-top-style: solid;padding-bottom:20px;padding-left:0px;padding-right:0px;padding-top:0px;\"><div class=\"avada-row\"><style type=\"text\/css\">.imageframe-1 img{border:20px solid #dadadd;}<\/style><span class=\"fusion-imageframe imageframe imageframe-none imageframe-1 fusion-animated\" data-animationType=\"fadeInDown\" data-animationDuration=\"0.3\"> <img decoding=\"async\" src=\"http:\/\/serwer1571173.home.pl\/nowabud\/wp-content\/uploads\/2016\/06\/kalkulatory_1.jpg\" alt=\"\" class=\"img-responsive\" \/><\/span><style type='text\/css'>.reading-box-container-1 .element-bottomshadow:before,.reading-box-container-1 .element-bottomshadow:after{opacity:0.7;}<\/style><div class=\"fusion-reading-box-container reading-box-container-1\"><div class=\"reading-box reading-box-center\" style=\"background-color:#ffffff;border-width:1px;border-color:#dadadd;border-style:solid;\">\n<div class=\"textboxmain\">\n<style type=\"text\/css\">\n.tg  {border-collapse:collapse;border-spacing:0;border-color:#ccc;border:none;margin:0px auto;}<br \/>\n.tg td{font-family:Arial, sans-serif;font-size:14px;padding:10px 5px;border-style:solid;border-width:0px;overflow:hidden;word-break:normal;border-color:#ccc;color:#333;background-color:#fff;}<br \/>\n.tg th{font-family:Arial, sans-serif;font-size:14px;font-weight:normal;padding:10px 5px;border-style:solid;border-width:0px;overflow:hidden;word-break:normal;border-color:#ccc;color:#333;background-color:#f0f0f0;}<br \/>\n.tg .tg-spjr{font-weight:bold;color:#616161;vertical-align:top}<br \/>\n.tg .tg-3mvb{background-color:#f9f9f9;color:#616161;vertical-align:top}<br \/>\n.tg .tg-1316{color:#616161;vertical-align:top}<br \/>\n@media screen and (max-width: 994px) {.tg {width: auto !important;}.tg col {width: auto !important;}.tg-wrap {overflow-x: auto;-webkit-overflow-scrolling: touch;margin: auto 0px;}}<\/style>\n<div class=\"tg-wrap\">\n<table class=\"tg\" style=\"undefined;table-layout: fixed; width: 866px;\">\n<colgroup>\n<col style=\"width: 42px;\" \/>\n<col style=\"width: 462px;\" \/>\n<col style=\"width: 91px;\" \/>\n<col style=\"width: 91px;\" \/>\n<col style=\"width: 91px;\" \/>\n<col style=\"width: 89px;\" \/> <\/colgroup>\n<tbody>\n<tr>\n<th class=\"tg-spjr\">Lp<\/th>\n<th class=\"tg-spjr\">Towar<\/th>\n<th class=\"tg-spjr\">Ilo\u015b\u0107 m2<\/th>\n<th class=\"tg-spjr\">Ilo\u015b\u0107 szt<\/th>\n<th class=\"tg-spjr\">Ilo\u015b\u0107 palet<\/th>\n<th class=\"tg-spjr\">Ilo\u015b\u0107 aut<\/th>\n<\/tr>\n<tr>\n<td class=\"tg-3mvb\">1<\/td>\n<td class=\"tg-3mvb\">Gazobeton 24x24x59 chwyt<\/td>\n<td class=\"tg-3mvb\">120<\/td>\n<td class=\"tg-3mvb\">864<\/td>\n<td class=\"tg-3mvb\">9,49<\/td>\n<td class=\"tg-3mvb\">1,05<\/td>\n<\/tr>\n<tr>\n<td class=\"tg-1316\">2<\/td>\n<td class=\"tg-1316\">Gazobeton 24x24x59 paleta<\/td>\n<td class=\"tg-1316\">120<\/td>\n<td class=\"tg-1316\">864<\/td>\n<td class=\"tg-1316\">18<\/td>\n<td class=\"tg-1316\">1<\/td>\n<\/tr>\n<tr>\n<td class=\"tg-3mvb\">3<\/td>\n<td class=\"tg-3mvb\">Gazobeton 12x24x59 chwyt<\/td>\n<td class=\"tg-3mvb\">240<\/td>\n<td class=\"tg-3mvb\">1728<\/td>\n<td class=\"tg-3mvb\">9,49<\/td>\n<td class=\"tg-3mvb\">1,05<\/td>\n<\/tr>\n<tr>\n<td class=\"tg-1316\">4<\/td>\n<td class=\"tg-1316\">Gazobeton 12x24x59 paleta<\/td>\n<td class=\"tg-1316\">240<\/td>\n<td class=\"tg-1316\">1728<\/td>\n<td class=\"tg-1316\">18<\/td>\n<td class=\"tg-1316\">1<\/td>\n<\/tr>\n<tr>\n<td class=\"tg-3mvb\">5<\/td>\n<td class=\"tg-3mvb\">Bloczek betonowy 25x38x14 (paleta 60 szt)<\/td>\n<td class=\"tg-3mvb\">48<\/td>\n<td class=\"tg-3mvb\">864<\/td>\n<td class=\"tg-3mvb\">14,4<\/td>\n<td class=\"tg-3mvb\">1,03<\/td>\n<\/tr>\n<tr>\n<td class=\"tg-1316\">6<\/td>\n<td class=\"tg-1316\">Ceg\u0142a 250x120x65<\/td>\n<td class=\"tg-1316\">120<\/td>\n<td class=\"tg-1316\">7362<\/td>\n<td class=\"tg-1316\">17,53<\/td>\n<td class=\"tg-1316\">1,1<\/td>\n<\/tr>\n<tr>\n<td class=\"tg-3mvb\">7<\/td>\n<td class=\"tg-3mvb\">Porotherm 25<\/td>\n<td class=\"tg-3mvb\">75<\/td>\n<td class=\"tg-3mvb\">803<\/td>\n<td class=\"tg-3mvb\">13,38<\/td>\n<td class=\"tg-3mvb\">0,84<\/td>\n<\/tr>\n<tr>\n<td class=\"tg-1316\">8<\/td>\n<td class=\"tg-1316\">Porotherm 30<\/td>\n<td class=\"tg-1316\">140<\/td>\n<td class=\"tg-1316\">2240<\/td>\n<td class=\"tg-1316\">28<\/td>\n<td class=\"tg-1316\">1,75<\/td>\n<\/tr>\n<tr>\n<td class=\"tg-3mvb\">9<\/td>\n<td class=\"tg-3mvb\">Porotherm 38<\/td>\n<td class=\"tg-3mvb\">75<\/td>\n<td class=\"tg-3mvb\">1200<\/td>\n<td class=\"tg-3mvb\">15<\/td>\n<td class=\"tg-3mvb\">0,94<\/td>\n<\/tr>\n<tr>\n<td class=\"tg-1316\">10<\/td>\n<td class=\"tg-1316\">Porotherm 44<\/td>\n<td class=\"tg-1316\">75<\/td>\n<td class=\"tg-1316\">1200<\/td>\n<td class=\"tg-1316\">20<\/td>\n<td class=\"tg-1316\">1,25<\/td>\n<\/tr>\n<tr>\n<td class=\"tg-3mvb\">11<\/td>\n<td class=\"tg-3mvb\">Porotherm 50<\/td>\n<td class=\"tg-3mvb\">86<\/td>\n<td class=\"tg-3mvb\">1376<\/td>\n<td class=\"tg-3mvb\">34,4<\/td>\n<td class=\"tg-3mvb\">2,15<\/td>\n<\/tr>\n<tr>\n<td class=\"tg-1316\">12<\/td>\n<td class=\"tg-1316\">Ytong 599x199x240<\/td>\n<td class=\"tg-1316\">60<\/td>\n<td class=\"tg-1316\">500<\/td>\n<td class=\"tg-1316\">10,42<\/td>\n<td class=\"tg-1316\">0,65<\/td>\n<\/tr>\n<tr>\n<td class=\"tg-3mvb\">13<\/td>\n<td class=\"tg-3mvb\">Silka E 15 333x198x150<\/td>\n<td class=\"tg-3mvb\">60<\/td>\n<td class=\"tg-3mvb\">896<\/td>\n<td class=\"tg-3mvb\">11,94<\/td>\n<td class=\"tg-3mvb\">0,75<\/td>\n<\/tr>\n<tr>\n<td class=\"tg-1316\">14<\/td>\n<td class=\"tg-1316\">Silka E 18 333x198x180<\/td>\n<td class=\"tg-1316\">60<\/td>\n<td class=\"tg-1316\">896<\/td>\n<td class=\"tg-1316\">14,93<\/td>\n<td class=\"tg-1316\">0,93<\/td>\n<\/tr>\n<tr>\n<td class=\"tg-3mvb\">15<\/td>\n<td class=\"tg-3mvb\">Silka E 24 333x198x240<\/td>\n<td class=\"tg-3mvb\">60<\/td>\n<td class=\"tg-3mvb\">896<\/td>\n<td class=\"tg-3mvb\">19,9<\/td>\n<td class=\"tg-3mvb\">1,24<\/td>\n<\/tr>\n<\/tbody>\n<\/table>\n<\/div>\n<\/div>\n<\/div><\/div><\/div><\/div><div class=\"fusion-fullwidth fullwidth-box\" style=\"background-attachment:scroll;background-position:left top;background-repeat:no-repeat;-webkit-background-size:cover;-moz-background-size:cover;-o-background-size:cover;background-size:cover;border-color:#eae9e9;border-bottom-width: 0px;border-top-width: 0px;border-bottom-style: solid;border-top-style: solid;padding-bottom:20px;padding-left:0px;padding-right:0px;padding-top:20px;\"><div class=\"avada-row\"><\/div><\/div><div class=\"fusion-fullwidth fullwidth-box\" style=\"background-color:#1c37c1;background-attachment:scroll;background-position:left top;background-repeat:no-repeat;-webkit-background-size:cover;-moz-background-size:cover;-o-background-size:cover;background-size:cover;border-color:#eae9e9;border-bottom-width: 0px;border-top-width: 0px;border-bottom-style: solid;border-top-style: solid;padding-bottom:0px;padding-left:0px;padding-right:0px;padding-top:0px;\"><div class=\"avada-row\"><div class=\"fusion-one-half one_half fusion-layout-column fusion-column spacing-yes\"><div class=\"fusion-column-wrapper\">\n<p id=\"footer_text_higher\" class=\"footer_big\">Nowabud Hurtownia materia\u0142\u00f3w budowlanych i instalacyjnych<\/p>\n<p class=\"footer_text\">Ul. Polna 2 86-060 Nowa Wie\u015b Wielka<br \/>\nTel: <a style=\"color: #fff;\" href=\"tel:523812037\">52-381-20-37<\/a> \/ Fax: <a style=\"color: #fff;\" href=\"tel:523206541\">52-320-65-41<\/a><br \/>\nTel kom: <a style=\"color: #fff;\" href=\"tel:508197100\">508-197-100<\/a> \/ <a style=\"color: #fff;\" href=\"tel:509573225\">509-573-225<\/a><br \/>\nMail: <a class=\"link_stopka\" href=\"mailto:nowabud@nowabud.pl\">nowabud@nowabud.pl<\/a><br \/>\nGodziny otwarcia: od 7.30-16.30<br \/>\n(w soboty od 8.00-14.00)<\/p>\n<\/div><\/div><div class=\"fusion-one-half one_half fusion-layout-column fusion-column last spacing-yes\"><div class=\"fusion-column-wrapper\">\n<p id=\"footer_text_higher2\" class=\"footer_big\">Sk\u0142ad Budowlany Olimpin Hurtownia Materia\u0142\u00f3w Budowlanych &#8211; ogr\u00f3d wystawowy kostki brukowej i ogrodze\u0144<\/p>\n<p class=\"footer_text\">Ul. \u0141abiszy\u0144ska 16 Olimpin 86-061 Brzoza<br \/>\nTel: <a style=\"color: #fff;\" href=\"tel:523641212\">52-364-12-12<\/a> \/ Fax: <a style=\"color: #fff;\" href=\"tel:523641213\">52-364-12-13<\/a><br \/>\nTel kom: <a style=\"color: #fff;\" href=\"tel:509353861\">509-353-861<\/a> \/ <a style=\"color: #fff;\" href=\"tel:515262933\">515-262-933<\/a><br \/>\nMail: <a class=\"link_stopka\" href=\"mailto:olimpin@nowabud.pl\">olimpin@nowabud.pl<\/a><br \/>\nGodziny otwarcia: od 7.30-16.30<br \/>\n(w soboty od 8.00-14.00)<\/p>\n<\/div><\/div><div class=\"fusion-clearfix\"><\/div><\/div><\/div><div class=\"fusion-fullwidth fullwidth-box footer_diag\" style=\"background-color:#1c37c1;background-attachment:scroll;background-image: url(http:\/\/serwer1571173.home.pl\/nowabud\/wp-content\/uploads\/2016\/02\/footer_bg.png);background-position:left top;background-repeat:repeat-x;border-color:#eae9e9;border-bottom-width: 0px;border-top-width: 0px;border-bottom-style: solid;border-top-style: solid;padding-bottom:0px;padding-left:0px;padding-right:0px;padding-top:0px;\"><div class=\"avada-row\"><\/div><\/div>\n","protected":false},"excerpt":{"rendered":"","protected":false},"author":3,"featured_media":0,"parent":0,"menu_order":0,"comment_status":"closed","ping_status":"closed","template":"100-width.php","meta":[],"_links":{"self":[{"href":"https:\/\/nowabud.pl\/index.php\/wp-json\/wp\/v2\/pages\/253"}],"collection":[{"href":"https:\/\/nowabud.pl\/index.php\/wp-json\/wp\/v2\/pages"}],"about":[{"href":"https:\/\/nowabud.pl\/index.php\/wp-json\/wp\/v2\/types\/page"}],"author":[{"embeddable":true,"href":"https:\/\/nowabud.pl\/index.php\/wp-json\/wp\/v2\/users\/3"}],"replies":[{"embeddable":true,"href":"https:\/\/nowabud.pl\/index.php\/wp-json\/wp\/v2\/comments?post=253"}],"version-history":[{"count":23,"href":"https:\/\/nowabud.pl\/index.php\/wp-json\/wp\/v2\/pages\/253\/revisions"}],"predecessor-version":[{"id":455,"href":"https:\/\/nowabud.pl\/index.php\/wp-json\/wp\/v2\/pages\/253\/revisions\/455"}],"wp:attachment":[{"href":"https:\/\/nowabud.pl\/index.php\/wp-json\/wp\/v2\/media?parent=253"}],"curies":[{"name":"wp","href":"https:\/\/api.w.org\/{rel}","templated":true}]}}